{"id":162,"date":"2022-03-02T07:47:51","date_gmt":"2022-03-02T07:47:51","guid":{"rendered":"https:\/\/www.ottohornek.at\/Saline\/?page_id=162"},"modified":"2022-03-02T11:52:55","modified_gmt":"2022-03-02T11:52:55","slug":"impressum","status":"publish","type":"page","link":"https:\/\/salinenmusikhall.at\/?page_id=162","title":{"rendered":"Impressum"},"content":{"rendered":"\n<div class=\"wp-block-columns is-layout-flex wp-container-core-columns-is-layout-9d6595d7 wp-block-columns-is-layout-flex\">\n<div class=\"wp-block-column is-layout-flow wp-block-column-is-layout-flow\" style=\"flex-basis:100%\">\n<p>Alle verwendeten Zeichen, Marken, Logos, wie \u00fcberhaupt alle Inhalte und Designeprodukte unterliegen dem urheberrechtlichen Schutz der jeweiligen Rechtsinhaber. Jegliche nicht autorisierte bzw. jede unerlaubte Verwendung dieser gesch\u00fctzten Produkte und Inhalte, inklusive der Einspeisung in Online-Dienste, Datenbanken oder Websites durch unberechtigte Dritte ist ausdr\u00fccklich untersagt.<\/p>\n<\/div>\n<\/div>\n\n\n\n<p>Die Verwendung von Textpassagen, grafischer Abbildungen, oder von Daten, einschlie\u00dflich der Speicherung und Nutzung auf optischen und elektronischen Datentr\u00e4gern darf nur mit vorangehender schriftlicher Zustimmung erfolgen. Der Download sowie der Ausdruck sind ausschlie\u00dflich zum pers\u00f6nlichen, nicht kommerziellen Gebrauch gestattet.<\/p>\n\n\n\n<p>Der Herausgeber ist nicht f\u00fcr den Inhalt fremder Seiten verantwortlich, die \u00fcber einen Link erreicht werden k\u00f6nnen. Informationen, die \u00fcber vorhandene Links erreicht werden, liegen au\u00dferhalb des Einfluss- und Verantwortungsbereiches des Herausgebers. Eintragungen im G\u00e4stebuch bzw. Forumseintr\u00e4ge stellen nicht die Meinung des Herausgebers, sondern eine Einzelmeinung des jeweiligen Posters dar. Der Herausgeber beh\u00e4lt sich die Regulierung des Forums durch Herausnahme von Eintragungen, Sperren von einzelnen Forumsbeitr\u00e4gen, Schlie\u00dfung des Forums etc. ausdr\u00fccklich vor. Achtung bei freiwilliger Kontaktaufnahme durch das Internet: Personenbezogene Daten k\u00f6nnen im Internet aus technischen Gr\u00fcnden nicht zuverl\u00e4ssig vor unbefugten Zugriffen gesch\u00fctzt werden.<\/p>\n\n\n\n<p>Titelbild \u00a9 Marco Wegleiter<\/p>\n","protected":false},"excerpt":{"rendered":"<p>Alle verwendeten Zeichen, Marken, Logos, wie \u00fcberhaupt alle Inhalte und Designeprodukte unterliegen dem urheberrechtlichen Schutz der jeweiligen Rechtsinhaber. Jegliche nicht autorisierte bzw. jede unerlaubte Verwendung dieser gesch\u00fctzten Produkte und Inhalte, inklusive der Einspeisung in Online-Dienste, Datenbanken oder Websites durch unberechtigte Dritte ist ausdr\u00fccklich untersagt. Die Verwendung von Textpassagen, grafischer Abbildungen, oder von Daten, einschlie\u00dflich der&hellip;&nbsp;<a href=\"https:\/\/salinenmusikhall.at\/?page_id=162\" rel=\"bookmark\">Weiterlesen &raquo;<span class=\"screen-reader-text\">Impressum<\/span><\/a><\/p>\n","protected":false},"author":1,"featured_media":0,"parent":0,"menu_order":0,"comment_status":"closed","ping_status":"closed","template":"","meta":{"sfsi_plus_gutenberg_text_before_share":"","sfsi_plus_gutenberg_show_text_before_share":"","sfsi_plus_gutenberg_icon_type":"","sfsi_plus_gutenberg_icon_alignemt":"","sfsi_plus_gutenburg_max_per_row":"","neve_meta_sidebar":"","neve_meta_container":"","neve_meta_enable_content_width":"","neve_meta_content_width":0,"neve_meta_title_alignment":"","neve_meta_author_avatar":"","neve_post_elements_order":"","neve_meta_disable_header":"","neve_meta_disable_footer":"","neve_meta_disable_title":"","footnotes":""},"class_list":["post-162","page","type-page","status-publish","hentry"],"_links":{"self":[{"href":"https:\/\/salinenmusikhall.at\/index.php?rest_route=\/wp\/v2\/pages\/162","targetHints":{"allow":["GET"]}}],"collection":[{"href":"https:\/\/salinenmusikhall.at\/index.php?rest_route=\/wp\/v2\/pages"}],"about":[{"href":"https:\/\/salinenmusikhall.at\/index.php?rest_route=\/wp\/v2\/types\/page"}],"author":[{"embeddable":true,"href":"https:\/\/salinenmusikhall.at\/index.php?rest_route=\/wp\/v2\/users\/1"}],"replies":[{"embeddable":true,"href":"https:\/\/salinenmusikhall.at\/index.php?rest_route=%2Fwp%2Fv2%2Fcomments&post=162"}],"version-history":[{"count":2,"href":"https:\/\/salinenmusikhall.at\/index.php?rest_route=\/wp\/v2\/pages\/162\/revisions"}],"predecessor-version":[{"id":213,"href":"https:\/\/salinenmusikhall.at\/index.php?rest_route=\/wp\/v2\/pages\/162\/revisions\/213"}],"wp:attachment":[{"href":"https:\/\/salinenmusikhall.at\/index.php?rest_route=%2Fwp%2Fv2%2Fmedia&parent=162"}],"curies":[{"name":"wp","href":"https:\/\/api.w.org\/{rel}","templated":true}]}}